{"id":24,"date":"2014-12-03T17:45:05","date_gmt":"2014-12-03T17:45:05","guid":{"rendered":"http:\/\/www.k-l-d.at\/kld\/?page_id=24"},"modified":"2025-02-10T10:49:36","modified_gmt":"2025-02-10T10:49:36","slug":"vorstand","status":"publish","type":"page","link":"https:\/\/www.k-l-d.at\/kld\/ueber-den-kld\/vorstand\/","title":{"rendered":"Vorstand"},"content":{"rendered":"<p><strong>Pr\u00e4sident<\/strong><br \/>\nDipl. Ing. Michael Wolfsegger<\/p>\n<p><strong>Vizepr\u00e4sidentin<\/strong><br \/>\nMag. Ursula Hilpert<\/p>\n<p><strong>Finanzreferent<\/strong><br \/>\nMag. Karl-Ludwig Leiter<\/p>\n<p><strong>G\u00e4steadministration<\/strong><br \/>\nAnna Artmann<br \/>\nElisabeth Mlakar-Reicher<\/p>\n<p><strong>Internet<\/strong><br \/>\nDr. Clemens Lintschinger<\/p>\n<p><strong>Technik<\/strong><br \/>\nPaolo Ferrara<\/p>\n<p><strong>Rechnungspr\u00fcfer:<\/strong><br \/>\nMag. Konrad Schwinghammer, DKfm. Walter Zizelsberger<\/p>\n<p>&nbsp;<\/p>\n<p>&nbsp;<\/p>\n<p>&nbsp;<\/p>\n","protected":false},"excerpt":{"rendered":"<p>Pr\u00e4sident Dipl. Ing. Michael Wolfsegger Vizepr\u00e4sidentin Mag. Ursula Hilpert Finanzreferent Mag. Karl-Ludwig Leiter G\u00e4steadministration Anna Artmann Elisabeth Mlakar-Reicher Internet Dr. Clemens Lintschinger Technik Paolo Ferrara Rechnungspr\u00fcfer: Mag. Konrad Schwinghammer, DKfm. Walter Zizelsberger &nbsp; &nbsp; &nbsp;<\/p>\n","protected":false},"author":1,"featured_media":0,"parent":14,"menu_order":0,"comment_status":"closed","ping_status":"closed","template":"","meta":{"ngg_post_thumbnail":0,"footnotes":""},"class_list":["post-24","page","type-page","status-publish","hentry"],"aioseo_notices":[],"_links":{"self":[{"href":"https:\/\/www.k-l-d.at\/kld\/wp-json\/wp\/v2\/pages\/24","targetHints":{"allow":["GET"]}}],"collection":[{"href":"https:\/\/www.k-l-d.at\/kld\/wp-json\/wp\/v2\/pages"}],"about":[{"href":"https:\/\/www.k-l-d.at\/kld\/wp-json\/wp\/v2\/types\/page"}],"author":[{"embeddable":true,"href":"https:\/\/www.k-l-d.at\/kld\/wp-json\/wp\/v2\/users\/1"}],"replies":[{"embeddable":true,"href":"https:\/\/www.k-l-d.at\/kld\/wp-json\/wp\/v2\/comments?post=24"}],"version-history":[{"count":21,"href":"https:\/\/www.k-l-d.at\/kld\/wp-json\/wp\/v2\/pages\/24\/revisions"}],"predecessor-version":[{"id":59633,"href":"https:\/\/www.k-l-d.at\/kld\/wp-json\/wp\/v2\/pages\/24\/revisions\/59633"}],"up":[{"embeddable":true,"href":"https:\/\/www.k-l-d.at\/kld\/wp-json\/wp\/v2\/pages\/14"}],"wp:attachment":[{"href":"https:\/\/www.k-l-d.at\/kld\/wp-json\/wp\/v2\/media?parent=24"}],"curies":[{"name":"wp","href":"https:\/\/api.w.org\/{rel}","templated":true}]}}