{"id":20,"date":"2014-12-03T17:42:24","date_gmt":"2014-12-03T17:42:24","guid":{"rendered":"http:\/\/www.k-l-d.at\/kld\/?page_id=20"},"modified":"2023-04-27T18:19:47","modified_gmt":"2023-04-27T18:19:47","slug":"mitglied-werden","status":"publish","type":"page","link":"https:\/\/www.k-l-d.at\/kld\/mitglied-werden\/","title":{"rendered":"Antrag auf Mitgliedschaft"},"content":{"rendered":"<p align=\"JUSTIFY\"><span style=\"font-family: Arial,sans-serif;\">Der KLD ist ein seit 1971 bestehender gemeinn\u00fctziger Wissens \u2013 und Kulturverein, der jeden Mittwoch zu Klubabenden zusammen kommt, an denen Vortr\u00e4ge \u2013 zu allen erdenklichen Wissens- und Lebensbereichen \u2013 mit anschlie\u00dfender Diskussion, geboten werden. <strong>\u201eLogisches Denken\u201c soll eher als Fernziel, denn als Voraussetzung f\u00fcr eine Mitgliedschaft gesehen werden.<\/strong><\/span><\/p>\n<p align=\"CENTER\"><span style=\"font-family: Arial,sans-serif;\">An den Vorstand des KLD:<\/span><\/p>\n<p style=\"text-align: justify;\" align=\"JUSTIFY\"><span style=\"font-family: Arial,sans-serif;\"><b>JA, <\/b><\/span><span style=\"font-family: Arial,sans-serif;\">ich m\u00f6chte mit meiner Mitgliedschaft den kulturellen Beitrag, den der KLD bereits seit seinem Bestehen f\u00fcr die Wiener Kulturszene geleistet hat, w\u00fcrdigen, f\u00f6rdern und dadurch den Fortbestand des als einmalig zu bezeichnenden KLD sichern:<br \/>\n<\/span>\n<div class=\"wpcf7 no-js\" id=\"wpcf7-f1794-o1\" lang=\"de-DE\" dir=\"ltr\" data-wpcf7-id=\"1794\">\n<div class=\"screen-reader-response\"><p role=\"status\" aria-live=\"polite\" aria-atomic=\"true\"><\/p> <ul><\/ul><\/div>\n<form action=\"\/kld\/wp-json\/wp\/v2\/pages\/20#wpcf7-f1794-o1\" method=\"post\" class=\"wpcf7-form init\" aria-label=\"Kontaktformular\" novalidate=\"novalidate\" data-status=\"init\">\n<fieldset class=\"hidden-fields-container\"><input type=\"hidden\" name=\"_wpcf7\" value=\"1794\" \/><input type=\"hidden\" name=\"_wpcf7_version\" value=\"6.1.5\" \/><input type=\"hidden\" name=\"_wpcf7_locale\" value=\"de_DE\" \/><input type=\"hidden\" name=\"_wpcf7_unit_tag\" value=\"wpcf7-f1794-o1\" \/><input type=\"hidden\" name=\"_wpcf7_container_post\" value=\"0\" \/><input type=\"hidden\" name=\"_wpcf7_posted_data_hash\" value=\"\" \/>\n<\/fieldset>\n<p><label> Dein Titel, Vor- und Zuname<br \/>\n<span class=\"wpcf7-form-control-wrap\" data-name=\"your-name\"><input size=\"40\" maxlength=\"400\" class=\"wpcf7-form-control wpcf7-text wpcf7-validates-as-required\" aria-required=\"true\" aria-invalid=\"false\" value=\"\" type=\"text\" name=\"your-name\" \/><\/span> <\/label>\n<\/p>\n<p>Deine Wohnadresse<br \/>\n<span class=\"wpcf7-form-control-wrap\" data-name=\"DeineWohnadresse\"><input size=\"40\" maxlength=\"400\" class=\"wpcf7-form-control wpcf7-text\" aria-invalid=\"false\" value=\"\" type=\"text\" name=\"DeineWohnadresse\" \/><\/span>\n<\/p>\n<p><label> Deine E-Mail-Adresse<br \/>\n<span class=\"wpcf7-form-control-wrap\" data-name=\"your-email\"><input size=\"40\" maxlength=\"400\" class=\"wpcf7-form-control wpcf7-email wpcf7-validates-as-required wpcf7-text wpcf7-validates-as-email\" aria-required=\"true\" aria-invalid=\"false\" value=\"\" type=\"email\" name=\"your-email\" \/><\/span> <\/label>\n<\/p>\n<p><label> Deine Telefon-\/Mobil-Nr.<br \/>\n<span class=\"wpcf7-form-control-wrap\" data-name=\"your-phonenumber\"><input size=\"40\" maxlength=\"400\" class=\"wpcf7-form-control wpcf7-text wpcf7-validates-as-required\" aria-required=\"true\" aria-invalid=\"false\" value=\"\" type=\"text\" name=\"your-phonenumber\" \/><\/span> <\/label>\n<\/p>\n<p><span class=\"wpcf7-form-control-wrap\" data-name=\"checkbox-118\"><span class=\"wpcf7-form-control wpcf7-checkbox\"><\/span><\/span>\n<\/p>\n<p><input class=\"wpcf7-form-control wpcf7-submit has-spinner\" type=\"submit\" value=\"Senden\" \/>\n<\/p>\n<p><span class=\"wpcf7-form-control-wrap\" data-name=\"accept-this-1\"><span class=\"wpcf7-form-control wpcf7-acceptance\"><span class=\"wpcf7-list-item\"><label><input type=\"checkbox\" name=\"accept-this-1\" value=\"1\" aria-invalid=\"false\" \/><span class=\"wpcf7-list-item-label\">Akzeptieren Sie die Nutzungsbedingungen und die Datenschutzrichtlinie<\/span><\/label><\/span><\/span><\/span>\n<\/p><p style=\"display: none !important;\" class=\"akismet-fields-container\" data-prefix=\"_wpcf7_ak_\"><label>&#916;<textarea name=\"_wpcf7_ak_hp_textarea\" cols=\"45\" rows=\"8\" maxlength=\"100\"><\/textarea><\/label><input type=\"hidden\" id=\"ak_js_1\" name=\"_wpcf7_ak_js\" value=\"247\"\/><script>\ndocument.getElementById( \"ak_js_1\" ).setAttribute( \"value\", ( new Date() ).getTime() );\n<\/script>\n<\/p><div class=\"wpcf7-response-output\" aria-hidden=\"true\"><\/div>\n<\/form>\n<\/div>\n <a href=\"https:\/\/www.k-l-d.at\/kld\/datenschutzerklaerung\/\">Datenschutzerkl\u00e4rung<\/a><\/p>\n<p>Die Mitgliedschaft beginnt mit Eingang des Mitgliedsbeitrags auf dem KLD-Konto bzw. bei Barzahlung. Bei Zahlungen ab Oktober z\u00e4hlt der Betrag bereits als Mitgliedsbeitrag f\u00fcr das darauffolgende Jahr.<\/p>\n<p style=\"text-align: justify;\" align=\"JUSTIFY\">Eine R\u00fcckerstattung von Zahlungen bei vorzeitigem Austritt ist nicht m\u00f6glich!<br \/>\nDie Mitgliedschaft erlischt automatisch bei Nichtzahlung des<\/p>\n<p><span style=\"text-decoration: underline;\"><em>Jahresbeitrages von \u20ac 40,00 &#8211; Studierende (mit Studienausweis) \u20ac 25,00<\/em><\/span>.<\/p>\n<p style=\"text-align: justify;\">S\u00e4mtliche personenbezogenen Angaben, werden ausschlie\u00dflich zu vereinsinternen Zwecken verwendet und KEINESFALLS an DRITTE weitergegeben!<\/p>\n<p style=\"text-align: justify;\"><strong>Der Vorstand des KLD freut sich, wenn Sie nicht nur teilnehmendes Mitglied werden,<\/strong> sondern sich auch aktiv an den Diskussionen und der Weiterentwicklung und Gestaltung des KLD beteiligen, <strong>vielleicht auch selbst einmal einen Vortrag anbieten, oder auch einen interessanten Vortragenden \u201evermitteln\u201c<\/strong> und auch Anregungen f\u00fcr die Klubabende geben.<\/p>\n<p>Bankverbindung \u2013 Oberbank: \u201cKLUB LOGISCHER DENKER\u201d<br \/>\n<span style=\"text-decoration: underline;\">IBAN: AT71 1500 0007 8110 6562 \u2013 BIC: OBKLAT2L<\/span><br \/>\n<em>Zentrale Vereinsregister-Zahl; ZVR-Zahl: 236558806<\/em><\/p>\n","protected":false},"excerpt":{"rendered":"<p>Der KLD ist ein seit 1971 bestehender gemeinn\u00fctziger Wissens \u2013 und Kulturverein, der jeden Mittwoch zu Klubabenden zusammen kommt, an denen Vortr\u00e4ge \u2013 zu allen erdenklichen Wissens- und Lebensbereichen \u2013 mit anschlie\u00dfender Diskussion, geboten werden. \u201eLogisches Denken\u201c soll eher als Fernziel, denn als Voraussetzung f\u00fcr eine Mitgliedschaft gesehen werden. An den Vorstand des KLD: JA, &hellip; <a href=\"https:\/\/www.k-l-d.at\/kld\/mitglied-werden\/\" class=\"more-link\"><span class=\"screen-reader-text\">Antrag auf Mitgliedschaft<\/span> weiterlesen <span class=\"meta-nav\">&rarr;<\/span><\/a><\/p>\n","protected":false},"author":1,"featured_media":0,"parent":0,"menu_order":0,"comment_status":"closed","ping_status":"closed","template":"","meta":{"ngg_post_thumbnail":0,"footnotes":""},"class_list":["post-20","page","type-page","status-publish","hentry"],"aioseo_notices":[],"_links":{"self":[{"href":"https:\/\/www.k-l-d.at\/kld\/wp-json\/wp\/v2\/pages\/20","targetHints":{"allow":["GET"]}}],"collection":[{"href":"https:\/\/www.k-l-d.at\/kld\/wp-json\/wp\/v2\/pages"}],"about":[{"href":"https:\/\/www.k-l-d.at\/kld\/wp-json\/wp\/v2\/types\/page"}],"author":[{"embeddable":true,"href":"https:\/\/www.k-l-d.at\/kld\/wp-json\/wp\/v2\/users\/1"}],"replies":[{"embeddable":true,"href":"https:\/\/www.k-l-d.at\/kld\/wp-json\/wp\/v2\/comments?post=20"}],"version-history":[{"count":26,"href":"https:\/\/www.k-l-d.at\/kld\/wp-json\/wp\/v2\/pages\/20\/revisions"}],"predecessor-version":[{"id":52341,"href":"https:\/\/www.k-l-d.at\/kld\/wp-json\/wp\/v2\/pages\/20\/revisions\/52341"}],"wp:attachment":[{"href":"https:\/\/www.k-l-d.at\/kld\/wp-json\/wp\/v2\/media?parent=20"}],"curies":[{"name":"wp","href":"https:\/\/api.w.org\/{rel}","templated":true}]}}