{"id":1773,"date":"2021-04-01T13:44:41","date_gmt":"2021-04-01T13:44:41","guid":{"rendered":"https:\/\/www.k-l-d.at\/kld\/?page_id=1773"},"modified":"2025-04-17T15:05:16","modified_gmt":"2025-04-17T15:05:16","slug":"geschichte","status":"publish","type":"page","link":"https:\/\/www.k-l-d.at\/kld\/ueber-den-kld\/geschichte\/","title":{"rendered":"Geschichte"},"content":{"rendered":"<p>&nbsp;<\/p>\n<p style=\"text-align: center;\"><span style=\"text-decoration: underline;\"><strong>KLUB LOGISCHER DENKER<\/strong><\/span><br \/>\nSEIT 1971: AKTIV-KREATIV-SPANNEND-INTERESSANT<br \/>\nZentrale Vereinsregister-Zahl; ZVR-Zahl: 236558806<\/p>\n<hr>\n<p>Der <strong>KLUB LOGISCHER DENKER<\/strong> ist ein Wiener Gesellschaftsverein und eine einzigartige Wiener Institution: seit \u00fcber 50 Jahren finden jeden &nbsp;jede Woche Vortragsabende mit anschlie\u00dfender Diskussion statt.<\/p>\n<p style=\"text-align: justify;\">Bereits die Gr\u00fcndungsgeschichte des KLD erscheint irgendwie sagenumwoben. Fest steht, dass sich einige Herren mit dem Ziel, das logische Denken in der Bev\u00f6lkerung zu f\u00f6rdern, zusammengetan hatten und eine Vereinsgr\u00fcndung unter der Bezeichnung \u201eKlub logischer Denker\u201c beschlossen. Die eigentlichen Gr\u00fcndungsv\u00e4ter waren <strong>Dr. Behloratsky und Ludwig Strobl<\/strong>. Mittlerweile hat sich der KLD gewandelt zu einem Ort, an dem die verschiedensten Themen behandelt und besprochen werden k\u00f6nnen, und wo das wirklich logische Denken immer noch eine Zielvorstellung und nicht eine Verpflichtung zur Teilnahme ist!!!<\/p>\n<p>Tats\u00e4chlich kamen die Mitglieder und G\u00e4ste schon immer &nbsp;aus allen Bildungs- und Gesellschaftsschichten; sie alle vereint unbegrenzter Wissensdurst und die Freude am Diskurs. Entsprechend vielf\u00e4ltig ist auch das Vortragsprogramm: Die Themen umfassen alle Bereiche der Wissenschaft, Kultur, Religion, Politik <em>(au\u00dfer Tagespolitik)<\/em>, Wirtschaft und Journalistik, aber auch aus dem Berufs- bzw. Alltagsleben (<em>n\u00e4heres auf dieser Webseite unter \u201eProgramm\u201c<\/em>).<\/p>\n<p>Im Diskussionsteil erhalten praktisch alle, die wollen, die M\u00f6glichkeit sich zu Wort zu melden. Sachliche Auseinandersetzung mit dem Thema ist durchaus erw\u00fcnscht, aber immer unter Beachtung des Anstands und der pers\u00f6nlichen W\u00fcrde der Vortragenden und der \u00fcbrigen Diskussionsteilnehmer.<\/p>\n<p>Und da seit 50 Jahren im Vereinslokal auch w\u00e4hrend der Veranstaltung Essen und Trinken m\u00f6glich ist, wird eine Klubatmosph\u00e4re geschaffen, in der nach dem offiziellen Teil pers\u00f6nliche Kontakte geschlossen und vertieft werden k\u00f6nnen.<\/p>\n<p>Wir w\u00fcnschen weiterhin viel Vergn\u00fcgen!<\/p>\n<p style=\"text-align: center;\">Jeden Montag im Veranstaltungsraum des Lokals<strong><br \/>\n<\/strong><strong>&#8222;Vino-Wien&#8220;<br \/>\n1010 Wien, Lichtenfelsgasse 3<br \/>\n<\/strong>(direkt neben dem Rathaus)<strong><br \/>\nBeginn 18.30<br \/>\n<\/strong><\/p>\n<p>&nbsp;<\/p>\n<p>&nbsp;<\/p>\n<p>&nbsp;<\/p>\n","protected":false},"excerpt":{"rendered":"<p>&nbsp; KLUB LOGISCHER DENKER SEIT 1971: AKTIV-KREATIV-SPANNEND-INTERESSANT Zentrale Vereinsregister-Zahl; ZVR-Zahl: 236558806 Der KLUB LOGISCHER DENKER ist ein Wiener Gesellschaftsverein und eine einzigartige Wiener Institution: seit \u00fcber 50 Jahren finden jeden &nbsp;jede Woche Vortragsabende mit anschlie\u00dfender Diskussion statt. Bereits die Gr\u00fcndungsgeschichte des KLD erscheint irgendwie sagenumwoben. Fest steht, dass sich einige Herren mit dem Ziel, das &hellip; <a href=\"https:\/\/www.k-l-d.at\/kld\/ueber-den-kld\/geschichte\/\" class=\"more-link\"><span class=\"screen-reader-text\">Geschichte<\/span> weiterlesen <span class=\"meta-nav\">&rarr;<\/span><\/a><\/p>\n","protected":false},"author":1,"featured_media":0,"parent":14,"menu_order":0,"comment_status":"closed","ping_status":"closed","template":"","meta":{"ngg_post_thumbnail":0,"footnotes":""},"class_list":["post-1773","page","type-page","status-publish","hentry"],"aioseo_notices":[],"_links":{"self":[{"href":"https:\/\/www.k-l-d.at\/kld\/wp-json\/wp\/v2\/pages\/1773","targetHints":{"allow":["GET"]}}],"collection":[{"href":"https:\/\/www.k-l-d.at\/kld\/wp-json\/wp\/v2\/pages"}],"about":[{"href":"https:\/\/www.k-l-d.at\/kld\/wp-json\/wp\/v2\/types\/page"}],"author":[{"embeddable":true,"href":"https:\/\/www.k-l-d.at\/kld\/wp-json\/wp\/v2\/users\/1"}],"replies":[{"embeddable":true,"href":"https:\/\/www.k-l-d.at\/kld\/wp-json\/wp\/v2\/comments?post=1773"}],"version-history":[{"count":25,"href":"https:\/\/www.k-l-d.at\/kld\/wp-json\/wp\/v2\/pages\/1773\/revisions"}],"predecessor-version":[{"id":60115,"href":"https:\/\/www.k-l-d.at\/kld\/wp-json\/wp\/v2\/pages\/1773\/revisions\/60115"}],"up":[{"embeddable":true,"href":"https:\/\/www.k-l-d.at\/kld\/wp-json\/wp\/v2\/pages\/14"}],"wp:attachment":[{"href":"https:\/\/www.k-l-d.at\/kld\/wp-json\/wp\/v2\/media?parent=1773"}],"curies":[{"name":"wp","href":"https:\/\/api.w.org\/{rel}","templated":true}]}}