{"id":1697,"date":"2021-02-25T11:58:14","date_gmt":"2021-02-25T11:58:14","guid":{"rendered":"https:\/\/www.k-l-d.at\/kld\/?page_id=1697"},"modified":"2024-08-18T14:08:53","modified_gmt":"2024-08-18T14:08:53","slug":"quartalsrueckblicke","status":"publish","type":"page","link":"https:\/\/www.k-l-d.at\/kld\/programm\/quartalsrueckblicke\/","title":{"rendered":"Quartalsr\u00fcckblicke"},"content":{"rendered":"<p><a href=\"https:\/\/www.k-l-d.at\/kld\/rueckblick-2024\/\">R\u00fcckblick 2024<\/a><br \/>\n<a href=\"https:\/\/www.k-l-d.at\/kld\/rueckblick-2023\/\">R\u00fcckblick 2023<\/a><br \/>\n<a href=\"https:\/\/www.k-l-d.at\/kld\/programm\/quartalsrueckblicke\/rueckblick-2022\/\">R\u00fcckblick 2022<\/a><a href=\"https:\/\/www.k-l-d.at\/kld\/programm\/quartalsrueckblicke\/rueckblick-2021\/\"><br \/>\nR\u00fcckblick 2021<\/a><br \/>\n<a href=\"https:\/\/www.k-l-d.at\/kld\/programm\/quartalsrueckblicke\/rueckblick-2020\/\">R\u00fcckblick 2020<\/a><br \/>\n<a href=\"https:\/\/www.k-l-d.at\/kld\/programm\/quartalsrueckblicke\/rueckblick-2019\/\">R\u00fcckblick 2019<\/a><br \/>\n<a href=\"https:\/\/www.k-l-d.at\/kld\/programm\/quartalsrueckblicke\/rueckblick-2018\/\">R\u00fcckblick 2018<\/a><br \/>\n<a href=\"https:\/\/www.k-l-d.at\/kld\/programm\/quartalsrueckblicke\/rueckblick-2017\/\">R\u00fcckblick 2017<\/a><br \/>\n<a href=\"https:\/\/www.k-l-d.at\/kld\/programm\/quartalsrueckblicke\/rueckblick-2016\/\">R\u00fcckblick 2016<\/a><br \/>\n<a href=\"https:\/\/www.k-l-d.at\/kld\/programm\/quartalsrueckblicke\/rueckblick-2015\/\">R\u00fcckblick 2015<\/a><br \/>\n<a href=\"https:\/\/www.k-l-d.at\/kld\/programm\/quartalsrueckblicke\/rueckblick-2014\/\">R\u00fcckblick 2014<\/a><br \/>\n<a href=\"https:\/\/www.k-l-d.at\/kld\/programm\/quartalsrueckblicke\/rueckblick-2013\/\">R\u00fcckblick 2013<\/a><\/p>\n<p>&nbsp;<\/p>\n","protected":false},"excerpt":{"rendered":"<p>R\u00fcckblick 2024 R\u00fcckblick 2023 R\u00fcckblick 2022 R\u00fcckblick 2021 R\u00fcckblick 2020 R\u00fcckblick 2019 R\u00fcckblick 2018 R\u00fcckblick 2017 R\u00fcckblick 2016 R\u00fcckblick 2015 R\u00fcckblick 2014 R\u00fcckblick 2013 &nbsp;<\/p>\n","protected":false},"author":1,"featured_media":0,"parent":12,"menu_order":0,"comment_status":"closed","ping_status":"closed","template":"","meta":{"ngg_post_thumbnail":0,"footnotes":""},"class_list":["post-1697","page","type-page","status-publish","hentry"],"aioseo_notices":[],"_links":{"self":[{"href":"https:\/\/www.k-l-d.at\/kld\/wp-json\/wp\/v2\/pages\/1697","targetHints":{"allow":["GET"]}}],"collection":[{"href":"https:\/\/www.k-l-d.at\/kld\/wp-json\/wp\/v2\/pages"}],"about":[{"href":"https:\/\/www.k-l-d.at\/kld\/wp-json\/wp\/v2\/types\/page"}],"author":[{"embeddable":true,"href":"https:\/\/www.k-l-d.at\/kld\/wp-json\/wp\/v2\/users\/1"}],"replies":[{"embeddable":true,"href":"https:\/\/www.k-l-d.at\/kld\/wp-json\/wp\/v2\/comments?post=1697"}],"version-history":[{"count":19,"href":"https:\/\/www.k-l-d.at\/kld\/wp-json\/wp\/v2\/pages\/1697\/revisions"}],"predecessor-version":[{"id":57808,"href":"https:\/\/www.k-l-d.at\/kld\/wp-json\/wp\/v2\/pages\/1697\/revisions\/57808"}],"up":[{"embeddable":true,"href":"https:\/\/www.k-l-d.at\/kld\/wp-json\/wp\/v2\/pages\/12"}],"wp:attachment":[{"href":"https:\/\/www.k-l-d.at\/kld\/wp-json\/wp\/v2\/media?parent=1697"}],"curies":[{"name":"wp","href":"https:\/\/api.w.org\/{rel}","templated":true}]}}