{"id":1685,"date":"2021-02-25T11:36:46","date_gmt":"2021-02-25T11:36:46","guid":{"rendered":"https:\/\/www.k-l-d.at\/kld\/?page_id=1685"},"modified":"2026-04-07T07:56:02","modified_gmt":"2026-04-07T07:56:02","slug":"aktueller-monat","status":"publish","type":"page","link":"https:\/\/www.k-l-d.at\/kld\/aktueller-monat\/","title":{"rendered":"Aktueller Monat"},"content":{"rendered":"\r\n<div>\r\n<div>\r\n<p align=\"center\">DIE SPANNENDSTE VORTRAGSREIHE DER STADT:<\/p>\r\n<p align=\"center\"><strong><span lang=\"DE\">KLD Vortragsprogramm M\u00e4rz\/April 2026<\/span><\/strong><\/p>\r\n<\/div>\r\n<div>\r\n<div><b><span lang=\"DE\"><em>2. M\u00e4rz 2026:<\/em><\/span><\/b>\r\n<div>\r\n<div>\r\n<div><b><i>Mag.Dr. Christian WLASCH\u00dcTZ<br><\/i>Lateinamerika in der Neuen Weltordnung<\/b><\/div>\r\n<\/div>\r\n<div>\r\n<div>\r\n<div>\r\n<div>\r\n<div><span lang=\"DE\">Eine &#8222;Neue Weltordnung&#8220; hat sich seit l\u00e4ngerem schon angek\u00fcndigt und hat sich seit der Amts\u00fcbernahme des derzeitigen amerikanischen Pr\u00e4sidenten noch verfestigt. Was bedeutet nun eine &#8222;Donroe&#8220;-Doktrin oder auch eine weiterhin aktive chinesische Expansionspolitik f\u00fcr den s\u00fcdamerikanischen Kontinent?&nbsp;<\/span><\/div>\r\n<\/div>\r\n<\/div>\r\n<\/div>\r\n<\/div>\r\n<\/div>\r\n<\/div>\r\n<div>&nbsp;<\/div>\r\n<div><b><span lang=\"DE\"><em>9. M\u00e4rz 2026:<\/em><\/span><\/b>\r\n<div>\r\n<div><b><i>Univ.Prof. Dr. Ruth WODAK<br><\/i>&#8222;Rechts\u00fcberholen&#8220;?! Schamlose Normalisierungen in der \u00d6ffentlichkeit<br><\/b><\/div>\r\n<div>\r\n<div><span lang=\"DE\">Was an sprachlichem Rowdytum, an Beleidigung und Ausgrenzung von Minderheiten, an Verlogenheit noch vor wenigen Jahren undenkbar war, ist heute in den Mainstream vorgedrungen. Hass und Rassismus sind salonf\u00e4hig geworden. F\u00fcr L\u00fcgen muss man sich nicht mehr entschuldigen, schlechtes Benehmen wird als ansprechendes, attraktives Mittel zur Bek\u00e4mpfung sogenannter \u201eEliten\u201c gesch\u00e4tzt. Ein kritischer Blick in die heutige Realit\u00e4t.<\/span><\/div>\r\n<div>\r\n<div>\r\n<div>\r\n<div>&nbsp;<\/div>\r\n<\/div>\r\n<\/div>\r\n<div><b><span lang=\"DE\"><em>16. M\u00e4rz 2026:<\/em><\/span><\/b>\r\n<div>\r\n<div><b><i>Gerhard MURAUER<br><\/i>Sonderf\u00fchrung der Ausstellung &#8222;Monument der Stadt &#8211; das Wiener Rathaus&#8220;<\/b><\/div>\r\n<div>Das Wiener Rathaus z\u00e4hlt nicht nur zu den eindrucksvollsten Wahrzeichen der Stadt \u2013 es ist auch das gr\u00f6\u00dfte Geb\u00e4ude an der Ringstra\u00dfe und ein Symbol b\u00fcrgerlicher Repr\u00e4sentation. Der Historiker und Kurator der Ausstellung im Wiener Rathaus f\u00fchrt pers\u00f6nlich durch die Ausstellung, und au\u00dfertourlich sogar in den sehenswerten Dachboden dieses gro\u00dfartigen Geb\u00e4udes. Treffpunkt 18:15 Uhr p\u00fcnktlich in unserem Klubraum.<\/div>\r\n<div>&nbsp;<\/div>\r\n<\/div>\r\n<\/div>\r\n<div><b><span lang=\"DE\"><em>23. M\u00e4rz 2026:<\/em><\/span><\/b>\r\n<div>\r\n<div><b><i>Mag. Franz JEDLICKA<br><\/i>Wie entstehen friedliche Gesellschaften?<br><\/b><\/div>\r\n<div>\r\n<div>Wer nachhaltigen Frieden anstrebt, kann bereits sehr viel von den friedlichsten L\u00e4ndern der Welt lernen, die der Global Peace Index j\u00e4hrlich auflistet. Unabh\u00e4ngig von geopolitischen Faktoren geht es dabei auch um eine interne konsequente Politik der Gewaltlosigkeit, die Jedlicka in der &#8222;Peace Mainstreaming&#8220; Strategie zusammenfasst.<\/div>\r\n<div>&nbsp;<\/div>\r\n<div><b><span lang=\"DE\"><em>30. M\u00e4rz 2026:<\/em><\/span><\/b>\r\n<div>\r\n<div><b><i>Mag. Balazs BARANY<br><\/i>Gibt es eine R\u00fcckkehr des Christentums?<\/b><\/div>\r\n<div>Anhand einiger Datenpunkte wie steigender Erwachsenentaufen in Wien und Frankreich wird in den letzten Jahren vielfach eine R\u00fcckkehr oder Wachstum des Christentums in Europa und Nordamerika angenommen. Wir blicken auf die Zahlen und kl\u00e4ren, wie sie zustandekommen und was sie aussagen.<br><br><\/div>\r\n<div><b><span lang=\"DE\"><em>6. April 2026:<\/em><\/span><\/b>\r\n<div>\r\n<div><b><i>Ostermontag<\/i><br><\/b><\/div>\r\n<div>Kein Klubabend an Feiertagen<\/div>\r\n<\/div>\r\n<\/div>\r\n<\/div>\r\n<\/div>\r\n<\/div>\r\n<\/div>\r\n<\/div>\r\n<\/div>\r\n<\/div>\r\n<\/div>\r\n<\/div>\r\n<\/div>\r\n<div>&nbsp;<\/div>\r\n<div><b><span lang=\"DE\"><em>13. April 2026:<\/em><\/span><\/b>\r\n<div>\r\n<div><b>51. Generalversammlung des KLD<\/b><\/div>\r\n<div>\r\n<div>\r\n<p>Generalversammlungen des KLD sind, wie alle Klubabende, \u00f6ffentliche Veranstaltungen, und daher sowohl Mitgliedern als auch Besuchern frei zug\u00e4nglich. Wir begr\u00fc\u00dfen daher alle Interessenten, wenngleich auch nur Mitglieder stimmberechtigt sind.<\/p>\r\n<\/div>\r\n<\/div>\r\n<\/div>\r\n<\/div>\r\n<\/div>\r\n<div>\r\n<div>\r\n<div>\r\n<div>\r\n<div>\r\n<div style=\"text-align: center;\"><span style=\"text-align: left;\"><strong style=\"text-align: left;\"><span style=\"color: #0000ff;\">Jeden Montag im<\/span><\/strong><br><\/span><strong style=\"text-align: left;\">&#8222;Vino-Wien&#8220;<br><\/strong><strong style=\"text-align: left;\">Lichtenfelsgasse 3<br><\/strong><strong style=\"text-align: left;\">1010 Wien<br><\/strong><strong style=\"text-align: left;\"><span style=\"color: #0000ff;\">Beginn der Vortr\u00e4ge 18.30 Uhr<\/span><\/strong><\/div>\r\n<\/div>\r\n<\/div>\r\n<\/div>\r\n<\/div>\r\n<\/div>\r\n","protected":false},"excerpt":{"rendered":"<p>DIE SPANNENDSTE VORTRAGSREIHE DER STADT: KLD Vortragsprogramm M\u00e4rz\/April 2026 2. M\u00e4rz 2026: Mag.Dr. Christian WLASCH\u00dcTZLateinamerika in der Neuen Weltordnung Eine &#8222;Neue Weltordnung&#8220; hat sich seit l\u00e4ngerem schon angek\u00fcndigt und hat sich seit der Amts\u00fcbernahme des derzeitigen amerikanischen Pr\u00e4sidenten noch verfestigt. Was bedeutet nun eine &#8222;Donroe&#8220;-Doktrin oder auch eine weiterhin aktive chinesische Expansionspolitik f\u00fcr den s\u00fcdamerikanischen &hellip; <a href=\"https:\/\/www.k-l-d.at\/kld\/aktueller-monat\/\" class=\"more-link\"><span class=\"screen-reader-text\">Aktueller Monat<\/span> weiterlesen <span class=\"meta-nav\">&rarr;<\/span><\/a><\/p>\n","protected":false},"author":1,"featured_media":0,"parent":0,"menu_order":0,"comment_status":"closed","ping_status":"closed","template":"","meta":{"ngg_post_thumbnail":0,"footnotes":""},"class_list":["post-1685","page","type-page","status-publish","hentry"],"aioseo_notices":[],"_links":{"self":[{"href":"https:\/\/www.k-l-d.at\/kld\/wp-json\/wp\/v2\/pages\/1685","targetHints":{"allow":["GET"]}}],"collection":[{"href":"https:\/\/www.k-l-d.at\/kld\/wp-json\/wp\/v2\/pages"}],"about":[{"href":"https:\/\/www.k-l-d.at\/kld\/wp-json\/wp\/v2\/types\/page"}],"author":[{"embeddable":true,"href":"https:\/\/www.k-l-d.at\/kld\/wp-json\/wp\/v2\/users\/1"}],"replies":[{"embeddable":true,"href":"https:\/\/www.k-l-d.at\/kld\/wp-json\/wp\/v2\/comments?post=1685"}],"version-history":[{"count":103,"href":"https:\/\/www.k-l-d.at\/kld\/wp-json\/wp\/v2\/pages\/1685\/revisions"}],"predecessor-version":[{"id":63427,"href":"https:\/\/www.k-l-d.at\/kld\/wp-json\/wp\/v2\/pages\/1685\/revisions\/63427"}],"wp:attachment":[{"href":"https:\/\/www.k-l-d.at\/kld\/wp-json\/wp\/v2\/media?parent=1685"}],"curies":[{"name":"wp","href":"https:\/\/api.w.org\/{rel}","templated":true}]}}